{"id":1667,"date":"2023-10-29T09:12:51","date_gmt":"2023-10-29T08:12:51","guid":{"rendered":"https:\/\/www.supresu.com\/?page_id=1667"},"modified":"2023-11-29T22:23:40","modified_gmt":"2023-11-29T21:23:40","slug":"servicios","status":"publish","type":"page","link":"https:\/\/www.supresu.com\/fr\/servicios\/","title":{"rendered":"Services"},"content":{"rendered":"<div data-elementor-type=\"wp-page\" data-elementor-id=\"1667\" class=\"elementor elementor-1667\" data-elementor-post-type=\"page\">\n\t\t\t\t<div class=\"elementor-element elementor-element-72b463d e-con-full e-flex e-con e-parent\" data-id=\"72b463d\" data-element_type=\"container\" data-e-type=\"container\" data-settings=\"{&quot;background_background&quot;:&quot;classic&quot;}\">\n\t\t<div class=\"elementor-element elementor-element-4d20ca1 fc-container-equal-l e-flex e-con-boxed e-con e-child\" data-id=\"4d20ca1\" data-element_type=\"container\" data-e-type=\"container\">\n\t\t\t\t\t<div class=\"e-con-inner\">\n\t\t\t\t<div class=\"elementor-element elementor-element-82ab742 elementor-widget elementor-widget-heading\" data-id=\"82ab742\" data-element_type=\"widget\" data-e-type=\"widget\" data-widget_type=\"heading.default\">\n\t\t\t\t<div class=\"elementor-widget-container\">\n\t\t\t\t\t<h1 class=\"elementor-heading-title elementor-size-default\">Services<\/h1>\t\t\t\t<\/div>\n\t\t\t\t<\/div>\n\t\t\t\t\t<\/div>\n\t\t\t\t<\/div>\n\t\t\t\t<\/div>\n\t\t<div class=\"elementor-element elementor-element-2bcefe6 e-con-full e-flex e-con e-parent\" data-id=\"2bcefe6\" data-element_type=\"container\" data-e-type=\"container\" data-settings=\"{&quot;background_background&quot;:&quot;classic&quot;}\">\n\t\t<div class=\"elementor-element elementor-element-13df870 fc-container-padding-l e-flex e-con-boxed elementor-invisible e-con e-child\" data-id=\"13df870\" data-element_type=\"container\" data-e-type=\"container\" data-settings=\"{&quot;animation&quot;:&quot;fadeIn&quot;,&quot;animation_delay&quot;:800}\">\n\t\t\t\t\t<div class=\"e-con-inner\">\n\t\t\t\t<div class=\"elementor-element elementor-element-0583a2d elementor-widget elementor-widget-heading\" data-id=\"0583a2d\" data-element_type=\"widget\" data-e-type=\"widget\" data-widget_type=\"heading.default\">\n\t\t\t\t<div class=\"elementor-widget-container translation-block\"><span class=\"elementor-heading-title elementor-size-default\">Secteur <b>Industriel<\/b><\/span><\/div>\n\t\t\t\t<\/div>\n\t\t\t\t<div class=\"elementor-element elementor-element-2c4145b elementor-widget-divider--view-line elementor-widget elementor-widget-divider\" data-id=\"2c4145b\" data-element_type=\"widget\" data-e-type=\"widget\" data-widget_type=\"divider.default\">\n\t\t\t\t<div class=\"elementor-widget-container\">\n\t\t\t\t\t\t\t<div class=\"elementor-divider\">\n\t\t\t<span class=\"elementor-divider-separator\">\n\t\t\t\t\t\t<\/span>\n\t\t<\/div>\n\t\t\t\t\t\t<\/div>\n\t\t\t\t<\/div>\n\t\t\t\t<div class=\"elementor-element elementor-element-94953e1 elementor-widget elementor-widget-text-editor\" data-id=\"94953e1\" data-element_type=\"widget\" data-e-type=\"widget\" data-widget_type=\"text-editor.default\">\n\t\t\t\t<div class=\"elementor-widget-container\">\n\t\t\t\t\t\t\t\t\t<p>Nous fabriquons des pi\u00e8ces pour diff\u00e9rents secteurs : hydraulique, hydrog\u00e8ne, automobile, a\u00e9ronautique, serrurerie, construction de machines... Tout secteur qui \u00e0 besoin des pi\u00e8ces de haute pr\u00e9cision. Nous travaillons diff\u00e9rents mat\u00e9riaux tels que le laiton, l'aluminium, les aciers inoxydables, les aciers sp\u00e9ciaux, les titanes, les plastiques techniques, etc.<\/p><p>Nous produisons de la premi\u00e8re s\u00e9rie de prototypage \u00e0 la grande s\u00e9rie. Nous fournissons au client la solution compl\u00e8te de l'usinage, du traitement, du rev\u00eatement, du meulage, du marquage laser, de l'assemblage et de l'emballage sous blister.<\/p>\t\t\t\t\t\t\t\t<\/div>\n\t\t\t\t<\/div>\n\t\t\t\t\t<\/div>\n\t\t\t\t<\/div>\n\t\t\t\t<\/div>\n\t\t<div class=\"elementor-element elementor-element-4a2d655 e-flex e-con-boxed e-con e-parent\" data-id=\"4a2d655\" data-element_type=\"container\" data-e-type=\"container\" data-settings=\"{&quot;background_background&quot;:&quot;classic&quot;}\">\n\t\t\t\t\t<div class=\"e-con-inner\">\n\t\t\t\t\t<\/div>\n\t\t\t\t<\/div>\n\t\t<div class=\"elementor-element elementor-element-56fe318 e-con-full e-flex e-con e-parent\" data-id=\"56fe318\" data-element_type=\"container\" data-e-type=\"container\" data-settings=\"{&quot;background_background&quot;:&quot;classic&quot;}\">\n\t\t<div class=\"elementor-element elementor-element-276400f fc-container-padding-l e-flex e-con-boxed elementor-invisible e-con e-child\" data-id=\"276400f\" data-element_type=\"container\" data-e-type=\"container\" data-settings=\"{&quot;animation&quot;:&quot;fadeIn&quot;,&quot;animation_delay&quot;:800}\">\n\t\t\t\t\t<div class=\"e-con-inner\">\n\t\t\t\t<div class=\"elementor-element elementor-element-9b33545 elementor-widget elementor-widget-heading\" data-id=\"9b33545\" data-element_type=\"widget\" data-e-type=\"widget\" data-widget_type=\"heading.default\">\n\t\t\t\t<div class=\"elementor-widget-container translation-block\"><span class=\"elementor-heading-title elementor-size-default\">Secteur <b> M\u00e9dical\/Dentaire <\/b><\/span><\/div>\n\t\t\t\t<\/div>\n\t\t\t\t<div class=\"elementor-element elementor-element-f45cfe6 elementor-widget-divider--view-line elementor-widget elementor-widget-divider\" data-id=\"f45cfe6\" data-element_type=\"widget\" data-e-type=\"widget\" data-widget_type=\"divider.default\">\n\t\t\t\t<div class=\"elementor-widget-container\">\n\t\t\t\t\t\t\t<div class=\"elementor-divider\">\n\t\t\t<span class=\"elementor-divider-separator\">\n\t\t\t\t\t\t<\/span>\n\t\t<\/div>\n\t\t\t\t\t\t<\/div>\n\t\t\t\t<\/div>\n\t\t\t\t<div class=\"elementor-element elementor-element-3424698 elementor-widget elementor-widget-text-editor\" data-id=\"3424698\" data-element_type=\"widget\" data-e-type=\"widget\" data-widget_type=\"text-editor.default\">\n\t\t\t\t<div class=\"elementor-widget-container\">\n\t\t\t\t\t\t\t\t\t<p>Pour la fabrication de ce type de pi\u00e8ces, il est n\u00e9cessaire de disposer d'une \u00e9quipe technique hautement qualifi\u00e9e et des meilleurs moyens de production. Nous avons une vaste exp\u00e9rience dans la fabrication de piliers dentaires, d'instruments chirurgiques, ainsi que de composants pour appareils m\u00e9dicaux.<\/p><p>Nous travaillons avec les diff\u00e9rents mat\u00e9riaux sp\u00e9cifiques demand\u00e9s par le secteur tels que le titane, le cobalt-chrome, les aciers inoxydables, le peek, le pom et d'autres types d'alliages.<\/p>\t\t\t\t\t\t\t\t<\/div>\n\t\t\t\t<\/div>\n\t\t\t\t\t<\/div>\n\t\t\t\t<\/div>\n\t\t\t\t<\/div>\n\t\t<div class=\"elementor-element elementor-element-2b4f324 e-flex e-con-boxed e-con e-parent\" data-id=\"2b4f324\" data-element_type=\"container\" data-e-type=\"container\" data-settings=\"{&quot;background_background&quot;:&quot;classic&quot;}\">\n\t\t\t\t\t<div class=\"e-con-inner\">\n\t\t\t\t\t<\/div>\n\t\t\t\t<\/div>\n\t\t<div class=\"elementor-element elementor-element-5de4ad6 fc-container-padding e-flex e-con-boxed e-con e-parent\" data-id=\"5de4ad6\" data-element_type=\"container\" data-e-type=\"container\" data-settings=\"{&quot;background_background&quot;:&quot;classic&quot;}\">\n\t\t\t\t\t<div class=\"e-con-inner\">\n\t\t<div class=\"elementor-element elementor-element-cd6b878 e-con-full e-flex e-con e-child\" data-id=\"cd6b878\" data-element_type=\"container\" data-e-type=\"container\">\n\t\t\t\t<div class=\"elementor-element elementor-element-9e1d5da elementor-widget elementor-widget-heading\" data-id=\"9e1d5da\" data-element_type=\"widget\" data-e-type=\"widget\" data-widget_type=\"heading.default\">\n\t\t\t\t<div class=\"elementor-widget-container\">\n\t\t\t\t\t<h2 class=\"elementor-heading-title elementor-size-default\">Vous ne trouvez pas la pi\u00e8ce dont vous avez besoin?<\/h2>\t\t\t\t<\/div>\n\t\t\t\t<\/div>\n\t\t\t\t<div class=\"elementor-element elementor-element-89d9eec elementor-widget elementor-widget-text-editor\" data-id=\"89d9eec\" data-element_type=\"widget\" data-e-type=\"widget\" data-widget_type=\"text-editor.default\">\n\t\t\t\t<div class=\"elementor-widget-container\">\n\t\t\t\t\t\t\t\t\t<p>Nous concevons et fabriquons des pi\u00e8ces sur mesure, selon vos besoins.<\/p>\t\t\t\t\t\t\t\t<\/div>\n\t\t\t\t<\/div>\n\t\t\t\t<div class=\"elementor-element elementor-element-f14cb72 elementor-align-left elementor-mobile-align-center elementor-widget elementor-widget-button\" data-id=\"f14cb72\" data-element_type=\"widget\" data-e-type=\"widget\" data-widget_type=\"button.default\">\n\t\t\t\t<div class=\"elementor-widget-container\">\n\t\t\t\t\t\t\t\t\t<div class=\"elementor-button-wrapper\">\n\t\t\t\t\t<a class=\"elementor-button elementor-button-link elementor-size-sm\" href=\"tel:+34943554100%20\">\n\t\t\t\t\t\t<span class=\"elementor-button-content-wrapper\">\n\t\t\t\t\t\t\t\t\t<span class=\"elementor-button-text\">Appeler<\/span>\n\t\t\t\t\t<\/span>\n\t\t\t\t\t<\/a>\n\t\t\t\t<\/div>\n\t\t\t\t\t\t\t\t<\/div>\n\t\t\t\t<\/div>\n\t\t\t\t<\/div>\n\t\t<div class=\"elementor-element elementor-element-110ce6b e-con-full elementor-hidden-mobile e-flex e-con e-child\" data-id=\"110ce6b\" data-element_type=\"container\" data-e-type=\"container\">\n\t\t\t\t<\/div>\n\t\t\t\t\t<\/div>\n\t\t\t\t<\/div>\n\t\t\t\t<\/div>","protected":false},"excerpt":{"rendered":"<p>Servicios Sector Industrial Fabricamos piezas para diferentes sectores: Hidr\u00e1ulica, hidr\u00f3geno, automoci\u00f3n, aeron\u00e1utica, cerrajer\u00eda, construcci\u00f3n de maquinaria\u2026. Todo sector que requiera piezas de alta precisi\u00f3n. Trabajamos diferentes materiales como lat\u00f3n, aluminio, aceros inoxidables, aceros especiales, titanios, pl\u00e1sticos t\u00e9cnicos, etc. Producimos desde series iniciales de prototipado hasta grandes series. Damos al cliente la soluci\u00f3n completa desde el [&hellip;]<\/p>\n","protected":false},"author":2,"featured_media":0,"parent":0,"menu_order":3,"comment_status":"closed","ping_status":"closed","template":"","meta":{"footnotes":""},"class_list":["post-1667","page","type-page","status-publish","hentry"],"_links":{"self":[{"href":"https:\/\/www.supresu.com\/fr\/wp-json\/wp\/v2\/pages\/1667","targetHints":{"allow":["GET"]}}],"collection":[{"href":"https:\/\/www.supresu.com\/fr\/wp-json\/wp\/v2\/pages"}],"about":[{"href":"https:\/\/www.supresu.com\/fr\/wp-json\/wp\/v2\/types\/page"}],"author":[{"embeddable":true,"href":"https:\/\/www.supresu.com\/fr\/wp-json\/wp\/v2\/users\/2"}],"replies":[{"embeddable":true,"href":"https:\/\/www.supresu.com\/fr\/wp-json\/wp\/v2\/comments?post=1667"}],"version-history":[{"count":19,"href":"https:\/\/www.supresu.com\/fr\/wp-json\/wp\/v2\/pages\/1667\/revisions"}],"predecessor-version":[{"id":1806,"href":"https:\/\/www.supresu.com\/fr\/wp-json\/wp\/v2\/pages\/1667\/revisions\/1806"}],"wp:attachment":[{"href":"https:\/\/www.supresu.com\/fr\/wp-json\/wp\/v2\/media?parent=1667"}],"curies":[{"name":"wp","href":"https:\/\/api.w.org\/{rel}","templated":true}]}}