{"id":1681,"date":"2023-10-29T09:46:38","date_gmt":"2023-10-29T08:46:38","guid":{"rendered":"https:\/\/www.supresu.com\/?page_id=1681"},"modified":"2024-05-20T19:20:05","modified_gmt":"2024-05-20T17:20:05","slug":"tecnologia-y-calidad","status":"publish","type":"page","link":"https:\/\/www.supresu.com\/fr\/tecnologia-y-calidad\/","title":{"rendered":"Technologie et qualit\u00e9"},"content":{"rendered":"<div data-elementor-type=\"wp-page\" data-elementor-id=\"1681\" class=\"elementor elementor-1681\" data-elementor-post-type=\"page\">\n\t\t\t\t<div class=\"elementor-element elementor-element-85f470c e-con-full e-flex e-con e-parent\" data-id=\"85f470c\" data-element_type=\"container\" data-e-type=\"container\" data-settings=\"{&quot;background_background&quot;:&quot;classic&quot;}\">\n\t\t<div class=\"elementor-element elementor-element-0998e2c fc-container-equal-l e-flex e-con-boxed e-con e-child\" data-id=\"0998e2c\" data-element_type=\"container\" data-e-type=\"container\">\n\t\t\t\t\t<div class=\"e-con-inner\">\n\t\t\t\t<div class=\"elementor-element elementor-element-23b86b0 elementor-widget elementor-widget-heading\" data-id=\"23b86b0\" data-element_type=\"widget\" data-e-type=\"widget\" data-widget_type=\"heading.default\">\n\t\t\t\t<div class=\"elementor-widget-container\">\n\t\t\t\t\t<h1 class=\"elementor-heading-title elementor-size-default\">Technologie et qualit\u00e9<\/h1>\t\t\t\t<\/div>\n\t\t\t\t<\/div>\n\t\t\t\t\t<\/div>\n\t\t\t\t<\/div>\n\t\t\t\t<\/div>\n\t\t<div class=\"elementor-element elementor-element-ceb78b1 fc-container-padding-l e-flex e-con-boxed e-con e-parent\" data-id=\"ceb78b1\" data-element_type=\"container\" data-e-type=\"container\" data-settings=\"{&quot;background_background&quot;:&quot;classic&quot;}\">\n\t\t\t\t\t<div class=\"e-con-inner\">\n\t\t<div class=\"elementor-element elementor-element-e769cd6 e-flex e-con-boxed e-con e-child\" data-id=\"e769cd6\" data-element_type=\"container\" data-e-type=\"container\">\n\t\t\t\t\t<div class=\"e-con-inner\">\n\t\t\t\t<div class=\"elementor-element elementor-element-7d16869 elementor-widget elementor-widget-heading\" data-id=\"7d16869\" data-element_type=\"widget\" data-e-type=\"widget\" data-widget_type=\"heading.default\">\n\t\t\t\t<div class=\"elementor-widget-container\">\n\t\t\t\t\t<h2 class=\"elementor-heading-title elementor-size-default translation-block\">\"Notre vaste exp\u00e9rience dans la fabrication de composants de haute pr\u00e9cision nous permet de conseiller nos clients de la meilleure fa\u00e7on possible pour obtenir le r\u00e9sultat dont ils ont besoin.\"<\/h2>\t\t\t\t<\/div>\n\t\t\t\t<\/div>\n\t\t\t\t\t<\/div>\n\t\t\t\t<\/div>\n\t\t\t\t\t<\/div>\n\t\t\t\t<\/div>\n\t\t<div class=\"elementor-element elementor-element-e13101c e-con-full fc-container-padding e-flex e-con e-parent\" data-id=\"e13101c\" data-element_type=\"container\" data-e-type=\"container\" data-settings=\"{&quot;background_background&quot;:&quot;classic&quot;}\">\n\t\t<div class=\"elementor-element elementor-element-d24dde0 e-flex e-con-boxed e-con e-child\" data-id=\"d24dde0\" data-element_type=\"container\" data-e-type=\"container\">\n\t\t\t\t\t<div class=\"e-con-inner\">\n\t\t<div class=\"elementor-element elementor-element-d949a6b fc-container-col e-flex e-con-boxed e-con e-child\" data-id=\"d949a6b\" data-element_type=\"container\" data-e-type=\"container\">\n\t\t\t\t\t<div class=\"e-con-inner\">\n\t\t\t\t<div class=\"elementor-element elementor-element-e344d6f elementor-widget elementor-widget-heading\" data-id=\"e344d6f\" data-element_type=\"widget\" data-e-type=\"widget\" data-widget_type=\"heading.default\">\n\t\t\t\t<div class=\"elementor-widget-container\">\n\t\t\t\t\t<h2 class=\"elementor-heading-title elementor-size-default\"><b>Notre savoir-faire<\/b> \u00e0 votre disposition<\/h2>\t\t\t\t<\/div>\n\t\t\t\t<\/div>\n\t\t\t\t<div class=\"elementor-element elementor-element-64f3a06 elementor-widget-divider--view-line elementor-widget elementor-widget-divider\" data-id=\"64f3a06\" data-element_type=\"widget\" data-e-type=\"widget\" data-widget_type=\"divider.default\">\n\t\t\t\t<div class=\"elementor-widget-container\">\n\t\t\t\t\t\t\t<div class=\"elementor-divider\">\n\t\t\t<span class=\"elementor-divider-separator\">\n\t\t\t\t\t\t<\/span>\n\t\t<\/div>\n\t\t\t\t\t\t<\/div>\n\t\t\t\t<\/div>\n\t\t\t\t<div class=\"elementor-element elementor-element-fb6e509 elementor-widget elementor-widget-text-editor\" data-id=\"fb6e509\" data-element_type=\"widget\" data-e-type=\"widget\" data-widget_type=\"text-editor.default\">\n\t\t\t\t<div class=\"elementor-widget-container\">\n\t\t\t\t\t\t\t\t\t<p>Nous aidons \u00e0 d\u00e9velopper des composants , \u00e0 les dimensionner, \u00e0 s\u00e9lectionner les mat\u00e9riaux et \u00e0 d\u00e9finir les tolerances ainsi que \u00e0 planifier la production et \u00e0 inspectionner les points critiques.<\/p><p><strong>NOUS SIMULONS CHAQUE FABRICATION \u00c0 L'AIDE D'UN JUMEAU NUM\u00c9RIQUE<\/strong><\/p><p>Nos programmes de CFAO nous permettent, sur la base du solide fourni par le client, de simuler sa fabrication dans un jumeau num\u00e9rique afin qu'une fois que tout est ok, nous nous dirigeons \u00e0 la machine r\u00e9elle, r\u00e9duisant ainsi les temps de changement et optimisant au maximum sa fabrication.<\/p><p>Nous cr\u00e9ons \u00e9galement le plan de contr\u00f4le dans une machine tridimensionnelle, o\u00f9 nous inspectons le maximum de caract\u00e9ristiques possibles, gr\u00e2ce \u00e0 des mesures automatiques, \u00e9vitant les erreurs humaines de mesure.<\/p>\t\t\t\t\t\t\t\t<\/div>\n\t\t\t\t<\/div>\n\t\t\t\t\t<\/div>\n\t\t\t\t<\/div>\n\t\t<div class=\"elementor-element elementor-element-a437886 fc-container-col e-flex e-con-boxed e-con e-child\" data-id=\"a437886\" data-element_type=\"container\" data-e-type=\"container\">\n\t\t\t\t\t<div class=\"e-con-inner\">\n\t\t\t\t<div class=\"elementor-element elementor-element-a75b238 elementor-widget elementor-widget-image\" data-id=\"a75b238\" data-element_type=\"widget\" data-e-type=\"widget\" data-widget_type=\"image.default\">\n\t\t\t\t<div class=\"elementor-widget-container\">\n\t\t\t\t\t\t\t\t\t\t\t\t\t\t\t<img fetchpriority=\"high\" decoding=\"async\" width=\"800\" height=\"553\" src=\"https:\/\/www.supresu.com\/wp-content\/uploads\/2023\/10\/supresu-tecnologia-genemo-digital-1024x708.jpg\" class=\"attachment-large size-large wp-image-1685\" alt=\"\" srcset=\"https:\/\/www.supresu.com\/wp-content\/uploads\/2023\/10\/supresu-tecnologia-genemo-digital-1024x708.jpg 1024w, https:\/\/www.supresu.com\/wp-content\/uploads\/2023\/10\/supresu-tecnologia-genemo-digital-300x207.jpg 300w, https:\/\/www.supresu.com\/wp-content\/uploads\/2023\/10\/supresu-tecnologia-genemo-digital-768x531.jpg 768w, https:\/\/www.supresu.com\/wp-content\/uploads\/2023\/10\/supresu-tecnologia-genemo-digital-18x12.jpg 18w, https:\/\/www.supresu.com\/wp-content\/uploads\/2023\/10\/supresu-tecnologia-genemo-digital.jpg 1167w\" sizes=\"(max-width: 800px) 100vw, 800px\">\t\t\t\t\t\t\t\t\t\t\t\t\t\t\t<\/div>\n\t\t\t\t<\/div>\n\t\t\t\t\t<\/div>\n\t\t\t\t<\/div>\n\t\t\t\t\t<\/div>\n\t\t\t\t<\/div>\n\t\t\t\t<\/div>\n\t\t<div class=\"elementor-element elementor-element-454a12b e-con-full fc-container-padding e-flex e-con e-parent\" data-id=\"454a12b\" data-element_type=\"container\" data-e-type=\"container\" data-settings=\"{&quot;background_background&quot;:&quot;classic&quot;}\">\n\t\t<div class=\"elementor-element elementor-element-2f72350 e-flex e-con-boxed e-con e-child\" data-id=\"2f72350\" data-element_type=\"container\" data-e-type=\"container\">\n\t\t\t\t\t<div class=\"e-con-inner\">\n\t\t<div class=\"elementor-element elementor-element-b28233c fc-container-col e-flex e-con-boxed e-con e-child\" data-id=\"b28233c\" data-element_type=\"container\" data-e-type=\"container\">\n\t\t\t\t\t<div class=\"e-con-inner\">\n\t\t\t\t<div class=\"elementor-element elementor-element-1b4f9f7 elementor-widget elementor-widget-heading\" data-id=\"1b4f9f7\" data-element_type=\"widget\" data-e-type=\"widget\" data-widget_type=\"heading.default\">\n\t\t\t\t<div class=\"elementor-widget-container\">\n\t\t\t\t\t<h2 class=\"elementor-heading-title elementor-size-default translation-block\"><b>Notre laboratoire qualit\u00e9<\/b> \u00e0 votre service<\/h2>\t\t\t\t<\/div>\n\t\t\t\t<\/div>\n\t\t\t\t<div class=\"elementor-element elementor-element-feb5427 elementor-widget-divider--view-line elementor-widget elementor-widget-divider\" data-id=\"feb5427\" data-element_type=\"widget\" data-e-type=\"widget\" data-widget_type=\"divider.default\">\n\t\t\t\t<div class=\"elementor-widget-container\">\n\t\t\t\t\t\t\t<div class=\"elementor-divider\">\n\t\t\t<span class=\"elementor-divider-separator\">\n\t\t\t\t\t\t<\/span>\n\t\t<\/div>\n\t\t\t\t\t\t<\/div>\n\t\t\t\t<\/div>\n\t\t\t\t<div class=\"elementor-element elementor-element-f82013e elementor-widget elementor-widget-text-editor\" data-id=\"f82013e\" data-element_type=\"widget\" data-e-type=\"widget\" data-widget_type=\"text-editor.default\">\n\t\t\t\t<div class=\"elementor-widget-container\">\n\t\t\t\t\t\t\t\t\t<p>Nous disposons des meilleures machines de mesure dans des salles climatis\u00e9es \u00e0 20\u00baC, avec lesquelles nous mesurons non seulement nos pi\u00e8ces, mais offrons \u00e9galement ce service \u00e0 nos clients pour la mesure de pi\u00e8ces simples et d'assemblages.<\/p><p>Pour nous adapter aux  nouvelles exigences du march\u00e9 , nous disposons de machines de mesure tridimensionnelles automatiques qui nous permettent d'assurer des mesures en microns en plus d'\u00e9viter les erreurs humaines.<\/p><p>La collecte des donn\u00e9es et l'analyse ult\u00e9rieure sont effectu\u00e9es \u00e0 l'aide du programme statistique \u00ab MEASURLINK \u00bb Mitutoyo.<\/p>\t\t\t\t\t\t\t\t<\/div>\n\t\t\t\t<\/div>\n\t\t\t\t\t<\/div>\n\t\t\t\t<\/div>\n\t\t<div class=\"elementor-element elementor-element-09ec8a5 fc-container-col e-flex e-con-boxed e-con e-child\" data-id=\"09ec8a5\" data-element_type=\"container\" data-e-type=\"container\">\n\t\t\t\t\t<div class=\"e-con-inner\">\n\t\t\t\t<div class=\"elementor-element elementor-element-25d799f elementor-widget elementor-widget-image\" data-id=\"25d799f\" data-element_type=\"widget\" data-e-type=\"widget\" data-widget_type=\"image.default\">\n\t\t\t\t<div class=\"elementor-widget-container\">\n\t\t\t\t\t\t\t\t\t\t\t\t\t\t\t<img decoding=\"async\" width=\"800\" height=\"540\" src=\"https:\/\/www.supresu.com\/wp-content\/uploads\/2023\/10\/supresu-tecnologia-laboratorio.jpg\" class=\"attachment-large size-large wp-image-1686\" alt=\"\" srcset=\"https:\/\/www.supresu.com\/wp-content\/uploads\/2023\/10\/supresu-tecnologia-laboratorio.jpg 960w, https:\/\/www.supresu.com\/wp-content\/uploads\/2023\/10\/supresu-tecnologia-laboratorio-300x203.jpg 300w, https:\/\/www.supresu.com\/wp-content\/uploads\/2023\/10\/supresu-tecnologia-laboratorio-768x518.jpg 768w, https:\/\/www.supresu.com\/wp-content\/uploads\/2023\/10\/supresu-tecnologia-laboratorio-18x12.jpg 18w\" sizes=\"(max-width: 800px) 100vw, 800px\">\t\t\t\t\t\t\t\t\t\t\t\t\t\t\t<\/div>\n\t\t\t\t<\/div>\n\t\t\t\t\t<\/div>\n\t\t\t\t<\/div>\n\t\t\t\t\t<\/div>\n\t\t\t\t<\/div>\n\t\t\t\t<\/div>\n\t\t<div class=\"elementor-element elementor-element-0c959ee e-con-full fc-container-padding e-flex e-con e-parent\" data-id=\"0c959ee\" data-element_type=\"container\" data-e-type=\"container\" data-settings=\"{&quot;background_background&quot;:&quot;classic&quot;}\">\n\t\t<div class=\"elementor-element elementor-element-5c5afd3 e-flex e-con-boxed e-con e-child\" data-id=\"5c5afd3\" data-element_type=\"container\" data-e-type=\"container\">\n\t\t\t\t\t<div class=\"e-con-inner\">\n\t\t<div class=\"elementor-element elementor-element-920d35a fc-container-col e-con-full e-flex e-con e-child\" data-id=\"920d35a\" data-element_type=\"container\" data-e-type=\"container\">\n\t\t\t\t<div class=\"elementor-element elementor-element-d0e2e20 elementor-widget elementor-widget-heading\" data-id=\"d0e2e20\" data-element_type=\"widget\" data-e-type=\"widget\" data-widget_type=\"heading.default\">\n\t\t\t\t<div class=\"elementor-widget-container\">\n\t\t\t\t\t<h2 class=\"elementor-heading-title elementor-size-default\"><strong>Certificats <\/strong>de qualit\u00e9<\/h2>\t\t\t\t<\/div>\n\t\t\t\t<\/div>\n\t\t\t\t<div class=\"elementor-element elementor-element-10e13ea elementor-widget-divider--view-line elementor-widget elementor-widget-divider\" data-id=\"10e13ea\" data-element_type=\"widget\" data-e-type=\"widget\" data-widget_type=\"divider.default\">\n\t\t\t\t<div class=\"elementor-widget-container\">\n\t\t\t\t\t\t\t<div class=\"elementor-divider\">\n\t\t\t<span class=\"elementor-divider-separator\">\n\t\t\t\t\t\t<\/span>\n\t\t<\/div>\n\t\t\t\t\t\t<\/div>\n\t\t\t\t<\/div>\n\t\t\t\t<div class=\"elementor-element elementor-element-26d85fa elementor-widget elementor-widget-text-editor\" data-id=\"26d85fa\" data-element_type=\"widget\" data-e-type=\"widget\" data-widget_type=\"text-editor.default\">\n\t\t\t\t<div class=\"elementor-widget-container\">\n\t\t\t\t\t\t\t\t\t<p class=\"translation-block\">L'objectif de <strong>SUPRESU <\/strong>est d'atteindre l'excellence dans la qualit\u00e9 du service offert \u00e0 nos clients. Les certificats dont nous disposons en mati\u00e8re de qualit\u00e9 sont la preuve de cet engagement en faveur de l'am\u00e9lioration continue :<\/p>\t\t\t\t\t\t\t\t<\/div>\n\t\t\t\t<\/div>\n\t\t\t\t<div class=\"elementor-element elementor-element-236ea8f elementor-icon-list--layout-traditional elementor-list-item-link-full_width elementor-widget elementor-widget-icon-list\" data-id=\"236ea8f\" data-element_type=\"widget\" data-e-type=\"widget\" data-widget_type=\"icon-list.default\">\n\t\t\t\t<div class=\"elementor-widget-container\">\n\t\t\t\t\t\t\t<ul class=\"elementor-icon-list-items\">\n\t\t\t\t\t\t\t<li class=\"elementor-icon-list-item\">\n\t\t\t\t\t\t\t\t\t\t\t<a href=\"https:\/\/www.supresu.com\/wp-content\/uploads\/2024\/05\/iso-9001-en.pdf\" target=\"_blank\">\n\n\t\t\t\t\t\t\t\t\t\t\t\t<span class=\"elementor-icon-list-icon\">\n\t\t\t\t\t\t\t<i aria-hidden=\"true\" class=\"fas fa-check-circle\"><\/i>\t\t\t\t\t\t<\/span>\n\t\t\t\t\t\t\t\t\t\t<span class=\"elementor-icon-list-text\"><b>ISO 9001:2015:<\/b> Syst\u00e8mes de gestion de la qualit\u00e9.<\/span>\n\t\t\t\t\t\t\t\t\t\t\t<\/a>\n\t\t\t\t\t\t\t\t\t<\/li>\n\t\t\t\t\t\t\t\t<li class=\"elementor-icon-list-item\">\n\t\t\t\t\t\t\t\t\t\t\t<a href=\"https:\/\/www.supresu.com\/wp-content\/uploads\/2024\/05\/iso-13485-en.pdf\" target=\"_blank\">\n\n\t\t\t\t\t\t\t\t\t\t\t\t<span class=\"elementor-icon-list-icon\">\n\t\t\t\t\t\t\t<i aria-hidden=\"true\" class=\"fas fa-check-circle\"><\/i>\t\t\t\t\t\t<\/span>\n\t\t\t\t\t\t\t\t\t\t<span class=\"elementor-icon-list-text\"><b>ISO 13485:2016:<\/b> Syst\u00e8mes de gestion de la qualit\u00e9 pour les produits m\u00e9dicaux.<\/span>\n\t\t\t\t\t\t\t\t\t\t\t<\/a>\n\t\t\t\t\t\t\t\t\t<\/li>\n\t\t\t\t\t\t<\/ul>\n\t\t\t\t\t\t<\/div>\n\t\t\t\t<\/div>\n\t\t\t\t<\/div>\n\t\t<div class=\"elementor-element elementor-element-63980aa fc-container-col e-con-full e-flex e-con e-child\" data-id=\"63980aa\" data-element_type=\"container\" data-e-type=\"container\">\n\t\t\t\t<div class=\"elementor-element elementor-element-eb713ae elementor-widget elementor-widget-image\" data-id=\"eb713ae\" data-element_type=\"widget\" data-e-type=\"widget\" data-widget_type=\"image.default\">\n\t\t\t\t<div class=\"elementor-widget-container\">\n\t\t\t\t\t\t\t\t\t\t\t\t\t\t\t<img decoding=\"async\" width=\"800\" height=\"397\" src=\"https:\/\/www.supresu.com\/wp-content\/uploads\/2024\/05\/iso-9001-iso-13485-1024x508.png\" class=\"attachment-large size-large wp-image-1836\" alt=\"\" srcset=\"https:\/\/www.supresu.com\/wp-content\/uploads\/2024\/05\/iso-9001-iso-13485-1024x508.png 1024w, https:\/\/www.supresu.com\/wp-content\/uploads\/2024\/05\/iso-9001-iso-13485-300x149.png 300w, https:\/\/www.supresu.com\/wp-content\/uploads\/2024\/05\/iso-9001-iso-13485-768x381.png 768w, https:\/\/www.supresu.com\/wp-content\/uploads\/2024\/05\/iso-9001-iso-13485-18x9.png 18w, https:\/\/www.supresu.com\/wp-content\/uploads\/2024\/05\/iso-9001-iso-13485.png 1212w\" sizes=\"(max-width: 800px) 100vw, 800px\">\t\t\t\t\t\t\t\t\t\t\t\t\t\t\t<\/div>\n\t\t\t\t<\/div>\n\t\t\t\t<\/div>\n\t\t\t\t\t<\/div>\n\t\t\t\t<\/div>\n\t\t\t\t<\/div>\n\t\t\t\t<\/div>","protected":false},"excerpt":{"rendered":"<p>Tecnolog\u00eda y calidad &#8220;Nuestra dilatada experiencia en la fabricaci\u00f3n de componentes de alta precisi\u00f3n, nos permite asesorar a nuestros clientes de la mejor manera para conseguir el resultado que necesitan.&#8221; Nuestro Know-How a tu disposici\u00f3n Ayudamos en el desarrollo de los componentes de principio a fin, dimensionamiento, selecci\u00f3n de materiales y la definici\u00f3n de tolerancias, [&hellip;]<\/p>\n","protected":false},"author":2,"featured_media":0,"parent":0,"menu_order":2,"comment_status":"closed","ping_status":"closed","template":"","meta":{"footnotes":""},"class_list":["post-1681","page","type-page","status-publish","hentry"],"_links":{"self":[{"href":"https:\/\/www.supresu.com\/fr\/wp-json\/wp\/v2\/pages\/1681","targetHints":{"allow":["GET"]}}],"collection":[{"href":"https:\/\/www.supresu.com\/fr\/wp-json\/wp\/v2\/pages"}],"about":[{"href":"https:\/\/www.supresu.com\/fr\/wp-json\/wp\/v2\/types\/page"}],"author":[{"embeddable":true,"href":"https:\/\/www.supresu.com\/fr\/wp-json\/wp\/v2\/users\/2"}],"replies":[{"embeddable":true,"href":"https:\/\/www.supresu.com\/fr\/wp-json\/wp\/v2\/comments?post=1681"}],"version-history":[{"count":37,"href":"https:\/\/www.supresu.com\/fr\/wp-json\/wp\/v2\/pages\/1681\/revisions"}],"predecessor-version":[{"id":1856,"href":"https:\/\/www.supresu.com\/fr\/wp-json\/wp\/v2\/pages\/1681\/revisions\/1856"}],"wp:attachment":[{"href":"https:\/\/www.supresu.com\/fr\/wp-json\/wp\/v2\/media?parent=1681"}],"curies":[{"name":"wp","href":"https:\/\/api.w.org\/{rel}","templated":true}]}}