{"id":170,"date":"2022-10-13T12:22:17","date_gmt":"2022-10-13T10:22:17","guid":{"rendered":"https:\/\/www.supresu.com\/?page_id=170"},"modified":"2026-03-12T10:22:05","modified_gmt":"2026-03-12T09:22:05","slug":"aviso-legal","status":"publish","type":"page","link":"https:\/\/www.supresu.com\/fr\/aviso-legal\/","title":{"rendered":"Mentions l\u00e9gales"},"content":{"rendered":"<p>Vous \u00eates dans un espace engag\u00e9 dans les droits de ses utilisateurs et pour cette raison, vous aurez un maximum de transparence et de rigueur sur tout ce que vous devez savoir sur ce site Web.<\/p>\n\n<p>Ce site web est strictement conforme \u00e0 la loi organique 3\/2018, du 5 d\u00e9cembre, sur la protection des donn\u00e9es personnelles et la garantie des droits num\u00e9riques (LOPDGDD). Il est \u00e9galement conforme au r\u00e8glement (UE) 2016\/679 du Parlement europ\u00e9en et du Conseil du 27 avril 2016 relatif \u00e0 la protection des personnes physiques (RGPD), ainsi qu'\u00e0 la loi 34\/2002, du 11 juillet, sur les services de la soci\u00e9t\u00e9 de l'information et le commerce \u00e9lectronique (LSSICE ou LSSI).<\/p>\n\n<p>Les services et\/ou produits ne sont disponibles que pour les personnes morales et les personnes \u00e2g\u00e9es de 16 ans.<\/p>\n\n<h2 class=\"wp-block-heading\" id=\"identificador-del-responsable-de-la-web\">Identifiant de la personne responsable du site web<\/h2>\n\n<ul class=\"wp-block-list\">\n<li><strong>Nom de l'entreprise<\/strong>: SUPRESU S.L.<\/li>\n\n<li><strong>CIF\/NIF<\/strong>: B20037867<\/li>\n\n<li><strong>Messagerie \u00e9lectronique<\/strong>: <a href=\"mailto:info@supresu.com\">info@supresu.com<\/a><\/li>\n\n<li><strong>Si\u00e8ge social<\/strong>:<\/li>\n\n<li>Zone industrielle d'Eskuzaitzeta. Txaldatxur 4 \u2013 20160 Zubieta (Espagne)<\/li>\n<\/ul>\n\n<h2 class=\"wp-block-heading\" id=\"te-preocupan-tus-datos-personales\">\u00cates-vous pr\u00e9occup\u00e9 par vos donn\u00e9es personnelles?<\/h2>\n\n<p>Lisez notre\u00a0<a href=\"https:\/\/www.supresu.com\/fr\/politica-de-privacidad\/\" data-type=\"URL\" data-id=\"https:\/\/www.supresu.com\/politica-de-privacidad\/\">politique de confidentialit\u00e9<\/a>.<\/p>\n\n<h2 class=\"wp-block-heading\" id=\"compromisos-y-obligaciones-de-los-usuarios\">Engagements et obligations des utilisateurs<\/h2>\n\n<p>L'utilisateur est inform\u00e9 et accepte que l'acc\u00e8s \u00e0 ce site web n'implique en aucun cas le d\u00e9but d'une relation commerciale avec SUPRESU. De cette mani\u00e8re, l'utilisateur s'engage \u00e0 utiliser le site web, ses services et ses contenus sans contrevenir \u00e0 la l\u00e9gislation en vigueur, \u00e0 la bonne foi et \u00e0 l'ordre public.<\/p>\n\n<p>Il est interdit d'utiliser le site web \u00e0 des fins illicites ou nuisibles, ou \u00e0 toute fin susceptible de causer des dommages ou d'entraver le fonctionnement normal du site web. En ce qui concerne le contenu de ce site web, il est interdit de:<\/p>\n\n<ul class=\"wp-block-list\">\n<li>Sa reproduction, distribution ou modification, en tout ou en partie, \u00e0 moins que vous n'ayez mon autorisation en tant que propri\u00e9taire l\u00e9gitime.<\/li>\n\n<li>Toute violation des droits du fournisseur ou de moi-m\u00eame en tant que propri\u00e9taire l\u00e9gitime.<\/li>\n\n<li>Son utilisation \u00e0 des fins commerciales ou publicitaires.<\/li>\n<\/ul>\n\n<p>Dans l'utilisation du site web supresu.com l'utilisateur s'engage \u00e0 ne pas adopter de comportement qui pourrait nuire \u00e0 l'image, aux int\u00e9r\u00eats et aux droits de SUPRESU ou de tiers ou qui pourrait endommager, rendre inutilisable ou surcharger le portail supresu.com ou qui emp\u00eache, de quelque mani\u00e8re que ce soit, l'utilisation normale du site web.<\/p>\n\n<p>Cependant, l'utilisateur doit \u00eatre conscient que les mesures de s\u00e9curit\u00e9 des syst\u00e8mes informatiques sur Internet ne sont pas enti\u00e8rement fiables et que, par cons\u00e9quent, supresu.com ne peux pas garantir l'absence de logiciels malveillants ou d'autres \u00e9l\u00e9ments susceptibles de provoquer des alt\u00e9rations dans les syst\u00e8mes informatiques de l'utilisateur (logiciels et mat\u00e9riels) ou dans ses documents \u00e9lectroniques et les fichiers qu'ils contiennent, bien que j'utilise tous les moyens n\u00e9cessaires et les mesures de s\u00e9curit\u00e9 appropri\u00e9es pour \u00c9vitez la pr\u00e9sence de ces \u00e9l\u00e9ments nocifs.<\/p>\n\n<h2 class=\"wp-block-heading\" id=\"medidas-de-seguridad\">Mesures de s\u00e9curit\u00e9<\/h2>\n\n<p>Les donn\u00e9es personnelles communiqu\u00e9es par l'utilisateur \u00e0 SUPRESU peuvent \u00eatre stock\u00e9es dans des bases de donn\u00e9es automatis\u00e9es ou non automatis\u00e9es, dont la propri\u00e9t\u00e9 exclusive correspond \u00e0 SUPRESU S.L., qui assume toutes les mesures techniques, organisationnelles et de s\u00e9curit\u00e9 qui garantissent la confidentialit\u00e9, l'int\u00e9grit\u00e9 et la qualit\u00e9 des informations qui y sont contenues conform\u00e9ment aux dispositions de la r\u00e9glementation en vigueur en mati\u00e8re de protection des donn\u00e9es.<\/p>\n\n<p>La communication entre les utilisateurs et supresu.com utilise un canal s\u00e9curis\u00e9, et les donn\u00e9es transmises sont crypt\u00e9es gr\u00e2ce aux protocoles https, par cons\u00e9quent, je garantis les meilleures conditions de s\u00e9curit\u00e9 afin que la confidentialit\u00e9 des utilisateurs soit garantie.<\/p>\n\n<h2 class=\"wp-block-heading\" id=\"plataforma-de-resolucion-de-conflictos\">Plateforme de r\u00e9solution de conflits<\/h2>\n\n<p>Je mets \u00e9galement \u00e0 la disposition des utilisateurs la plateforme de r\u00e8glement des litiges fournie par la Commission europ\u00e9enne et qui est disponible au lien suivant:\u00a0 <a href=\"\/fr\/%20http:\/ec.europa.eu\/consumers\/odr\/\"><em>http:\/\/ec.europa.eu\/consumers\/odr\/<\/em><\/a><\/p>\n\n<h2 class=\"wp-block-heading\" id=\"exclusion-de-garantias-y-responsable\">Exon\u00e9ration de garanties et de responsabilit\u00e9<\/h2>\n\n<p>SUPRESU n'accorde aucune garantie et n'est en aucun cas responsable des dommages de toute nature qui pourraient \u00eatre caus\u00e9s par:<\/p>\n\n<ul class=\"wp-block-list\">\n<li>Le manque de disponibilit\u00e9, de maintenance et de fonctionnement efficace du site web, de ses services et contenus.<\/li>\n\n<li>L'existence de logiciels malveillants, de programmes malveillants ou nuisibles dans le contenu.<\/li>\n\n<li>Ill\u00e9gal, n\u00e9gligent, frauduleux ou contraire aux pr\u00e9sentes mentions l\u00e9gales.<\/li>\n\n<li>Le manque de l\u00e9galit\u00e9, de qualit\u00e9, de fiabilit\u00e9, d'utilit\u00e9 et de disponibilit\u00e9 des services fournis par des tiers et mis \u00e0 la disposition des utilisateurs sur le site web.<\/li>\n\n<li>Le fournisseur ne peut en aucun cas \u00eatre tenu responsable des dommages qui pourraient r\u00e9sulter de l'utilisation ill\u00e9gale ou inappropri\u00e9e de ce site web.<\/li>\n<\/ul>\n\n<h2 class=\"wp-block-heading\" id=\"ley-aplicable-y-jurisdiccion\">Droit applicable et juridiction comp\u00e9tente<\/h2>\n\n<p>D'une mani\u00e8re g\u00e9n\u00e9rale, les relations entre SUPRESU et les utilisateurs de ses services t\u00e9l\u00e9matiques, pr\u00e9sents sur ce site web, sont soumises \u00e0 la l\u00e9gislation et \u00e0 la juridiction espagnoles ainsi qu'aux tribunaux de Gipuzkoa.<\/p>\n\n<p>\u00a0Si un utilisateur a des questions sur les pr\u00e9sentes conditions g\u00e9n\u00e9rales ou des commentaires sur le portail supresu.com, veuillez info@supresu.com contacter.<\/p>\n\n<p>Les pr\u00e9sentes mentions l\u00e9gales ont \u00e9t\u00e9 mises \u00e0 jour le 28\/10\/2023.<\/p>","protected":false},"excerpt":{"rendered":"<p>Est\u00e1s en un espacio comprometido con los derechos de sus usuarios y por esa raz\u00f3n, tendr\u00e1s m\u00e1xima transparencia y rigor sobre todo que necesitas saber sobre esta web. Esta web cumple rigurosamente con la Ley Org\u00e1nica 3\/2018, de 5 de diciembre, de Protecci\u00f3n de Datos Personales y garant\u00eda de los derechos digitales (LOPDGDD). Cumple tambi\u00e9n [&hellip;]<\/p>\n","protected":false},"author":1,"featured_media":0,"parent":0,"menu_order":8,"comment_status":"closed","ping_status":"closed","template":"","meta":{"footnotes":""},"class_list":["post-170","page","type-page","status-publish","hentry"],"_links":{"self":[{"href":"https:\/\/www.supresu.com\/fr\/wp-json\/wp\/v2\/pages\/170","targetHints":{"allow":["GET"]}}],"collection":[{"href":"https:\/\/www.supresu.com\/fr\/wp-json\/wp\/v2\/pages"}],"about":[{"href":"https:\/\/www.supresu.com\/fr\/wp-json\/wp\/v2\/types\/page"}],"author":[{"embeddable":true,"href":"https:\/\/www.supresu.com\/fr\/wp-json\/wp\/v2\/users\/1"}],"replies":[{"embeddable":true,"href":"https:\/\/www.supresu.com\/fr\/wp-json\/wp\/v2\/comments?post=170"}],"version-history":[{"count":9,"href":"https:\/\/www.supresu.com\/fr\/wp-json\/wp\/v2\/pages\/170\/revisions"}],"predecessor-version":[{"id":1870,"href":"https:\/\/www.supresu.com\/fr\/wp-json\/wp\/v2\/pages\/170\/revisions\/1870"}],"wp:attachment":[{"href":"https:\/\/www.supresu.com\/fr\/wp-json\/wp\/v2\/media?parent=170"}],"curies":[{"name":"wp","href":"https:\/\/api.w.org\/{rel}","templated":true}]}}