{"id":172,"date":"2022-10-13T12:22:28","date_gmt":"2022-10-13T10:22:28","guid":{"rendered":"https:\/\/www.supresu.com\/?page_id=172"},"modified":"2023-11-02T20:36:01","modified_gmt":"2023-11-02T19:36:01","slug":"politica-de-cookies","status":"publish","type":"page","link":"https:\/\/www.supresu.com\/fr\/politica-de-cookies\/","title":{"rendered":"Politique en mati\u00e8re de cookies"},"content":{"rendered":"<p>Sur ce site Web, nous recueillons et utilisons des informations comme indiqu\u00e9 dans notre politique de confidentialit\u00e9. L'une des fa\u00e7ons dont nous recueillons des informations est l'utilisation de technologies appel\u00e9es \u00ab cookies \u00bb. Chez supresu.com, nous utilisons des cookies pour un certain nombre de choses.<\/p>\n\n\n\n<h2 class=\"wp-block-heading\" id=\"que-es-una-cookie\">Qu'est-ce qu'un cookie?<\/h2>\n\n\n\n<p class=\"translation-block\">Un \u00ab cookie \u00bb est une petite quantit\u00e9 de texte qui est stock\u00e9e dans votre navigateur (par exemple, Chrome de Google ou Safari d'Apple) lorsque vous naviguez sur la plupart des sites Web.<\/p>\n\n\n\n<h2 class=\"wp-block-heading\" id=\"aceptacion-de-cookies\">Acceptation des cookies<\/h2>\n\n\n\n<p>Lorsque vous acc\u00e9dez \u00e0 ce site web ou \u00e0 cette application pour la premi\u00e8re fois, vous verrez un avertissement vous informant de l'utilisation de cookies et de l'endroit o\u00f9 vous pouvez consulter cette politique en mati\u00e8re de cookies.&nbsp;<\/p>\n\n\n\n<p>Aucun cookie ne sera t\u00e9l\u00e9charg\u00e9 tant que l'utilisateur n'aura pas express\u00e9ment consenti \u00e0 l'installation de cookies. Si l'utilisateur consent \u00e0 l'utilisation de cookies, ceux-ci seront install\u00e9s sur son ordinateur ou son appareil.<\/p>\n\n\n\n<p>En plus de l'utilisation de nos cookies propri\u00e9taires, nous permettons \u00e0 des tiers d'installer des cookies et d'y acc\u00e9der sur votre appareil.<\/p>\n\n\n\n<h2 class=\"wp-block-heading\" id=\"que-informacion-almacena-una-cookie\">Quelles informations un cookie stocke-t-il?<\/h2>\n\n\n\n<p>Les cookies ne stockent g\u00e9n\u00e9ralement pas d'informations sensibles vous concernant, telles que des cartes de cr\u00e9dit ou des coordonn\u00e9es bancaires, des photographies ou des informations personnelles, etc. Les donn\u00e9es qu'ils stockent sont de nature technique, statistique, pr\u00e9f\u00e9rences personnelles, personnalisation des contenus, etc.<\/p>\n\n\n\n<h2 class=\"wp-block-heading\" id=\"que-tipo-de-cookies-existen\">Quels types de cookies existe-t-il?<\/h2>\n\n\n\n<ul class=\"wp-block-list\">\n<li><strong>Cookies techniques:<\/strong> Ce sont les cookies les plus \u00e9l\u00e9mentaires et permettent, entre autres, de savoir quand un humain ou une application automatis\u00e9e navigue, quand un utilisateur anonyme et un utilisateur enregistr\u00e9 naviguent, t\u00e2ches de base pour le fonctionnement de tout site web dynamique.<\/li>\n\n\n\n<li><strong>Cookies d'analyse:<\/strong> Ils collectent des informations sur le type de navigation que vous effectuez, les sections que vous utilisez le plus, les produits consult\u00e9s, le cr\u00e9neau horaire d'utilisation, la langue, etc.<\/li>\n\n\n\n<li><strong>Cookies publicitaires:<\/strong> Ils affichent des publicit\u00e9s en fonction de votre navigation, de votre pays d'origine, de votre langue, etc.<\/li>\n<\/ul>\n\n\n\n<h2 class=\"wp-block-heading\" id=\"cookies-aceptadas-por-la-normativa-y-cookies-exceptuadas\">Cookies accept\u00e9s par la r\u00e9glementation et exclus cookies<\/h2>\n\n\n\n<p>Selon la directive de l'UE, les cookies qui n\u00e9cessitent le consentement \u00e9clair\u00e9 de l'utilisateur sont les cookies analytiques et les cookies publicitaires et d'affiliation, \u00e0 l'exception de ceux de nature technique et de ceux n\u00e9cessaires au fonctionnement du site web ou \u00e0 la fourniture de services express\u00e9ment demand\u00e9s par l'utilisateur.<\/p>\n\n\n\n<h2 class=\"wp-block-heading\" id=\"que-cookies-utiliza-esta-web\">Quels cookies ce site web utilise-t-il?<\/h2>\n\n\n\n<p>Ce site web utilise ses propres cookies et ceux de tiers. Les cookies suivants sont utilis\u00e9s sur ce site web :<\/p>\n\n\n\n<h3 class=\"wp-block-heading\" id=\"cookies-propias\">Cookies internes<\/h3>\n\n\n\n<p><strong>Connexion:<\/strong> Les cookies de connexion vous  permettent de vous connecter et de vous d\u00e9connecter de votre compte supresu.com.<\/p>\n\n\n\n<p><strong>Personnalisation:<\/strong> Les cookies nous  aident \u00e0 nous souvenir des personnes ou des sites Web avec lesquels vous avez interagi, afin que nous puissions vous montrer du contenu connexe.<\/p>\n\n\n\n<p><strong>Pr\u00e9f\u00e9rences:<\/strong> Les cookies nous permettent de m\u00e9moriser vos param\u00e8tres et pr\u00e9f\u00e9rences, tels que votre langue pr\u00e9f\u00e9r\u00e9e et vos param\u00e8tres de confidentialit\u00e9.<\/p>\n\n\n\n<p><strong>S\u00e9curit\u00e9: <\/strong>Nous utilisons des cookies pour pr\u00e9venir les risques de s\u00e9curit\u00e9 pour vous. Principalement pour d\u00e9tecter quand quelqu'un essaie de pirater votre compte supresu.com.<\/p>\n\n\n\n<h3 class=\"wp-block-heading\" id=\"cookies-de-terceros\"><strong>Cookies de tiers<\/strong><\/h3>\n\n\n\n<p><strong><em>Cookies analytiques<\/em><\/strong><\/p>\n\n\n\n<p class=\"translation-block\">Ce site web utilise des services d'analyse, en particulier Google Analytics, pour aider le site web \u00e0 analyser l'  utilisation faite par les utilisateurs du site web et \u00e0 am\u00e9liorer sa convivialit\u00e9, mais en aucun cas ils ne sont associ\u00e9s \u00e0 des donn\u00e9es qui pourraient identifier l'utilisateur. Google Analytics est un service d'analyse Web fourni par Google Inc. Le type  de cookies utilis\u00e9s par Google peut \u00eatre <a href=\"https:\/\/www.google.es\/intl\/es\/policies\/technologies\/types\/\" target=\"_blank\" rel=\"noopener\"><em>consult\u00e9 ici<\/em><\/a>.<\/p>\n\n\n\n<h3 class=\"wp-block-heading\" id=\"se-pueden-eliminar-las-cookies\">Les cookies peuvent-ils \u00eatre supprim\u00e9s?<\/h3>\n\n\n\n<p>Oui, et non seulement supprimer, mais aussi bloquer, en g\u00e9n\u00e9ral ou en particulier pour un domaine sp\u00e9cifique.<\/p>\n\n\n\n<p>Pour supprimer les cookies d'un site web, vous devez vous rendre dans les param\u00e8tres de votre navigateur et y rechercher ceux associ\u00e9s au domaine en question et proc\u00e9der \u00e0 leur suppression.<\/p>\n\n\n\n<ul class=\"wp-block-list\">\n<li>Param\u00e9trage des cookies pour <a href=\"http:\/\/support.google.com\/chrome\/bin\/answer.py?hl=es&amp;answer=95647\" target=\"_blank\" rel=\"noopener\"><em>Google Chrome<\/em><\/a><\/li>\n\n\n\n<li>Param\u00e9trage des cookies pour <a href=\"https:\/\/support.apple.com\/es-es\/HT201265\" target=\"_blank\" rel=\"noopener\"><em>Apple Safari<\/em><\/a><\/li>\n\n\n\n<li>Param\u00e9trage des cookies pour <a href=\"https:\/\/support.microsoft.com\/en-us\/help\/17442\/windows-internet-explorer-delete-manage-cookies#ie=ie-10\" target=\"_blank\" rel=\"noopener\"><em>Internet Explorer<\/em><\/a><\/li>\n\n\n\n<li>Param\u00e9trage des cookies pour <a href=\"https:\/\/support.mozilla.org\/es\/kb\/habilitar-y-deshabilitar-cookies-sitios-web-rastrear-preferencias?redirectlocale=es&amp;redirectslug=habilitar-y-deshabilitar-cookies-que-los-sitios-we\" target=\"_blank\" rel=\"noopener\"><em>Mozilla Firefox<\/em><\/a><\/li>\n<\/ul>\n\n\n\n<h3 class=\"wp-block-heading\" id=\"aceptacion-de-cookies\">Acceptation des cookies<\/h3>\n\n\n\n<p>Lorsque vous acc\u00e9dez \u00e0 ce site web ou \u00e0 cette application pour la premi\u00e8re fois, un avertissement s'affiche pour vous informer de l'utilisation de cookies et de l'endroit o\u00f9 vous pouvez consulter cette politique en mati\u00e8re de cookies. Si l'utilisateur consent \u00e0 l'utilisation de cookies, ceux-ci seront install\u00e9s sur son ordinateur ou son appareil.<\/p>\n\n\n\n<p>En plus de l'utilisation de nos propres cookies, nous permettons \u00e0 des tiers d'installer des cookies et d'y acc\u00e9der sur votre ordinateur. Le consentement \u00e0 l'utilisation de cookies par ces soci\u00e9t\u00e9s est li\u00e9 \u00e0 la navigation sur ce site.<\/p>\n\n\n\n<h3 class=\"wp-block-heading\" id=\"mas-informacion-sobre-las-cookies\">En savoir plus sur les cookies<\/h3>\n\n\n\n<p>Vous pouvez consulter la r\u00e9glementation sur les cookies publi\u00e9e par l'Agence espagnole de protection des donn\u00e9es dans son <em>\u201c<\/em><a href=\"https:\/\/www.aepd.es\/sites\/default\/files\/2020-07\/guia-cookies.pdf\" target=\"_blank\" rel=\"noopener\"><em>\"Guide sur l'utilisation des cookies\"<\/em><\/a> et obtenir plus d'informations sur les cookies sur Internet, <a href=\"http:\/\/www.aboutcookies.org\/\" target=\"_blank\" rel=\"noopener\"><em>http:\/\/www.aboutcookies.org\/<\/em><\/a><\/p>\n\n\n\n<p class=\"translation-block\">Si vous souhaitez avoir plus de contr\u00f4le sur l'installation des cookies, vous pouvez installer des programmes ou des modules compl\u00e9mentaires sur votre navigateur, connus sous le nom d'  outils \u00ab Do Not Track \u00bb, qui vous permettront de choisir les cookies que vous souhaitez autoriser. <br><br>\nCette politique en mati\u00e8re de cookies a \u00e9t\u00e9 mise \u00e0 jour pour la derni\u00e8re fois le 28\/10\/2023.<\/p>","protected":false},"excerpt":{"rendered":"<p>En esta web recopilamos y utilizamos la informaci\u00f3n seg\u00fan indicamos en nuestra pol\u00edtica de privacidad. Una de las formas en las que recopilamos informaci\u00f3n es a trav\u00e9s del uso de la tecnolog\u00eda llamada \u201ccookies\u201d. En supresu.com, utilizamos cookies para varias cosas. \u00bfQu\u00e9 es una cookie? Una \u201ccookie\u201d es una peque\u00f1a cantidad de texto que se [&hellip;]<\/p>\n","protected":false},"author":1,"featured_media":0,"parent":0,"menu_order":9,"comment_status":"closed","ping_status":"closed","template":"","meta":{"footnotes":""},"class_list":["post-172","page","type-page","status-publish","hentry"],"_links":{"self":[{"href":"https:\/\/www.supresu.com\/fr\/wp-json\/wp\/v2\/pages\/172","targetHints":{"allow":["GET"]}}],"collection":[{"href":"https:\/\/www.supresu.com\/fr\/wp-json\/wp\/v2\/pages"}],"about":[{"href":"https:\/\/www.supresu.com\/fr\/wp-json\/wp\/v2\/types\/page"}],"author":[{"embeddable":true,"href":"https:\/\/www.supresu.com\/fr\/wp-json\/wp\/v2\/users\/1"}],"replies":[{"embeddable":true,"href":"https:\/\/www.supresu.com\/fr\/wp-json\/wp\/v2\/comments?post=172"}],"version-history":[{"count":5,"href":"https:\/\/www.supresu.com\/fr\/wp-json\/wp\/v2\/pages\/172\/revisions"}],"predecessor-version":[{"id":1755,"href":"https:\/\/www.supresu.com\/fr\/wp-json\/wp\/v2\/pages\/172\/revisions\/1755"}],"wp:attachment":[{"href":"https:\/\/www.supresu.com\/fr\/wp-json\/wp\/v2\/media?parent=172"}],"curies":[{"name":"wp","href":"https:\/\/api.w.org\/{rel}","templated":true}]}}