{"id":1863,"date":"2026-03-11T23:00:12","date_gmt":"2026-03-11T22:00:12","guid":{"rendered":"https:\/\/www.supresu.com\/?page_id=1863"},"modified":"2026-03-12T10:22:43","modified_gmt":"2026-03-12T09:22:43","slug":"politica-de-calidad","status":"publish","type":"page","link":"https:\/\/www.supresu.com\/fr\/politica-de-calidad\/","title":{"rendered":"Pol\u00edtica de calidad"},"content":{"rendered":"<p>En SUPRESU pretendemos ser una empresa l\u00edder en el sector de la micromec\u00e1nica, corroborando la existencia de m\u00e1s de 50 a\u00f1os en el mercado, una referencia en la calidad de los productos suministrados, as\u00ed como en el servicio realizado.<\/p>\n\n\n\n<p>Por otra parte, SUPRESU va a seguir equip\u00e1ndose para optimizar su desarrollo en el sector m\u00e9dico-farmac\u00e9utico.<\/p>\n\n\n\n<p>Pretendemos ser un equipo humano al servicio del cliente y de cualquier parte interesada de la sociedad y tenemos en cuenta todas las variables que influyen en el desarrollo de nuestra actividad, enfocando nuestras l\u00edneas de actuaci\u00f3n con el prop\u00f3sito de:<\/p>\n\n\n\n<p><\/p>\n\n\n\n<ul class=\"wp-block-list\">\n<li>Lograr la plena satisfacci\u00f3n del cliente.<\/li>\n\n\n\n<li>Asegurar la calidad del producto; exigiendo a nuestros proveedores certificados que avalen el cumplimiento de nuestros requisitos, haciendo inspecciones del proceso productivo y emitiendo certificados de los resultados obtenidos.<\/li>\n\n\n\n<li>Trabajar hacia la prevenci\u00f3n de no conformidades.<\/li>\n\n\n\n<li>Procurar en todo momento a nuestros empleados un buen ambiente de trabajo y formaci\u00f3n que faciliten su motivaci\u00f3n, competencia y orgullo por su contribuci\u00f3n al trabajo realizado.<\/li>\n\n\n\n<li>Cumplir con todos los requisitos legales que nos afecten en temas ambientales, con aquella que afecte a nuestro producto y con cualquier otro requisito que definamos con cualquier parte interesada.<\/li>\n\n\n\n<li>Utilizar, en la medida de lo posible, productos y tecnolog\u00edas m\u00e1s respetuosas con el medio ambiente, enfocando nuestra actividad hacia la prevenci\u00f3n de la contaminaci\u00f3n y con un compromiso claro para la protecci\u00f3n del medio ambiente.<\/li>\n\n\n\n<li>Mejorar continuamente en todos los procesos de nuestra actividad, especialmente en el de producci\u00f3n, caminando hacia el cumplimiento de los requisitos de las normas y hacia la excelencia empresarial.<\/li>\n<\/ul>","protected":false},"excerpt":{"rendered":"<p>En SUPRESU pretendemos ser una empresa l\u00edder en el sector de la micromec\u00e1nica, corroborando la existencia de m\u00e1s de 50 a\u00f1os en el mercado, una referencia en la calidad de los productos suministrados, as\u00ed como en el servicio realizado. Por otra parte, SUPRESU va a seguir equip\u00e1ndose para optimizar su desarrollo en el sector m\u00e9dico-farmac\u00e9utico. [&hellip;]<\/p>\n","protected":false},"author":2,"featured_media":0,"parent":0,"menu_order":12,"comment_status":"closed","ping_status":"closed","template":"","meta":{"footnotes":""},"class_list":["post-1863","page","type-page","status-publish","hentry"],"_links":{"self":[{"href":"https:\/\/www.supresu.com\/fr\/wp-json\/wp\/v2\/pages\/1863","targetHints":{"allow":["GET"]}}],"collection":[{"href":"https:\/\/www.supresu.com\/fr\/wp-json\/wp\/v2\/pages"}],"about":[{"href":"https:\/\/www.supresu.com\/fr\/wp-json\/wp\/v2\/types\/page"}],"author":[{"embeddable":true,"href":"https:\/\/www.supresu.com\/fr\/wp-json\/wp\/v2\/users\/2"}],"replies":[{"embeddable":true,"href":"https:\/\/www.supresu.com\/fr\/wp-json\/wp\/v2\/comments?post=1863"}],"version-history":[{"count":2,"href":"https:\/\/www.supresu.com\/fr\/wp-json\/wp\/v2\/pages\/1863\/revisions"}],"predecessor-version":[{"id":1866,"href":"https:\/\/www.supresu.com\/fr\/wp-json\/wp\/v2\/pages\/1863\/revisions\/1866"}],"wp:attachment":[{"href":"https:\/\/www.supresu.com\/fr\/wp-json\/wp\/v2\/media?parent=1863"}],"curies":[{"name":"wp","href":"https:\/\/api.w.org\/{rel}","templated":true}]}}