{"id":42,"date":"2022-08-18T10:55:54","date_gmt":"2022-08-18T08:55:54","guid":{"rendered":"https:\/\/www.supresu.com\/?page_id=42"},"modified":"2023-12-17T17:31:48","modified_gmt":"2023-12-17T16:31:48","slug":"inicio","status":"publish","type":"page","link":"https:\/\/www.supresu.com\/fr\/","title":{"rendered":"Accueil"},"content":{"rendered":"\t\t<div data-elementor-type=\"wp-page\" data-elementor-id=\"42\" class=\"elementor elementor-42\" data-elementor-post-type=\"page\">\n\t\t\t\t<div class=\"elementor-element elementor-element-5e8ebd2 e-con-full e-flex e-con e-parent\" data-id=\"5e8ebd2\" data-element_type=\"container\" data-e-type=\"container\" data-settings=\"{&quot;background_background&quot;:&quot;classic&quot;}\">\n\t\t<div class=\"elementor-element elementor-element-be1c3db e-con-full e-flex elementor-invisible e-con e-child\" data-id=\"be1c3db\" data-element_type=\"container\" data-e-type=\"container\" data-settings=\"{&quot;animation&quot;:&quot;fadeIn&quot;,&quot;animation_delay&quot;:800}\">\n\t\t\t\t<div class=\"elementor-element elementor-element-46899f9 elementor--h-position-center elementor--v-position-middle elementor-arrows-position-inside elementor-widget elementor-widget-slides\" data-id=\"46899f9\" data-element_type=\"widget\" data-e-type=\"widget\" data-settings=\"{&quot;navigation&quot;:&quot;arrows&quot;,&quot;autoplay&quot;:&quot;yes&quot;,&quot;pause_on_hover&quot;:&quot;yes&quot;,&quot;pause_on_interaction&quot;:&quot;yes&quot;,&quot;autoplay_speed&quot;:5000,&quot;infinite&quot;:&quot;yes&quot;,&quot;transition&quot;:&quot;slide&quot;,&quot;transition_speed&quot;:500}\" data-widget_type=\"slides.default\">\n\t\t\t\t<div class=\"elementor-widget-container\">\n\t\t\t\t\t\t\t\t\t<div class=\"elementor-swiper\">\n\t\t\t\t\t<div class=\"elementor-slides-wrapper elementor-main-swiper swiper\" role=\"region\" aria-roledescription=\"carousel\" aria-label=\"Diapositives\" dir=\"ltr\" data-animation=\"fadeInUp\">\n\t\t\t\t<div class=\"swiper-wrapper elementor-slides\">\n\t\t\t\t\t\t\t\t\t\t<div class=\"elementor-repeater-item-d13a82d swiper-slide\" role=\"group\" aria-roledescription=\"slide\"><div class=\"swiper-slide-bg\" role=\"img\" aria-label=\"supresu-slide-home-1\"><\/div><div class=\"swiper-slide-inner\" ><div class=\"swiper-slide-contents\"><div class=\"elementor-slide-heading\">nuevas instalaciones de 3.000 m2<\/div><\/div><\/div><\/div><div class=\"elementor-repeater-item-9d24d1d swiper-slide\" role=\"group\" aria-roledescription=\"slide\"><div class=\"swiper-slide-bg\" role=\"img\" aria-label=\"supresu-slide-home-2\"><\/div><div class=\"swiper-slide-inner\" ><div class=\"swiper-slide-contents\"><div class=\"elementor-slide-heading\">maquinaria de \u00faltima tecnolog\u00eda<\/div><\/div><\/div><\/div><div class=\"elementor-repeater-item-29f893f swiper-slide\" role=\"group\" aria-roledescription=\"slide\"><div class=\"swiper-slide-bg\" role=\"img\" aria-label=\"supresu-slide-home-3\"><\/div><div class=\"swiper-slide-inner\" ><div class=\"swiper-slide-contents\"><div class=\"elementor-slide-heading\">simulaci\u00f3n de procesos mediante gemelo digital<\/div><\/div><\/div><\/div>\t\t\t\t<\/div>\n\t\t\t\t\t\t\t\t\t\t\t\t\t\t\t<div class=\"elementor-swiper-button elementor-swiper-button-prev\" role=\"button\" tabindex=\"0\" aria-label=\"Diapositive pr\u00e9c\u00e9dente\">\n\t\t\t\t\t\t\t<i aria-hidden=\"true\" class=\"eicon-chevron-left\"><\/i>\t\t\t\t\t\t<\/div>\n\t\t\t\t\t\t<div class=\"elementor-swiper-button elementor-swiper-button-next\" role=\"button\" tabindex=\"0\" aria-label=\"Diapositive suivante\">\n\t\t\t\t\t\t\t<i aria-hidden=\"true\" class=\"eicon-chevron-right\"><\/i>\t\t\t\t\t\t<\/div>\n\t\t\t\t\t\t\t\t\t\t\t\t\t\t\t\t\t<\/div>\n\t\t\t\t<\/div>\n\t\t\t\t\t\t\t\t<\/div>\n\t\t\t\t<\/div>\n\t\t\t\t<\/div>\n\t\t\t\t<\/div>\n\t\t<div class=\"elementor-element elementor-element-00019a4 e-con-full e-flex e-con e-parent\" data-id=\"00019a4\" data-element_type=\"container\" data-e-type=\"container\" data-settings=\"{&quot;background_background&quot;:&quot;classic&quot;}\">\n\t\t<div class=\"elementor-element elementor-element-f93d34e e-flex e-con-boxed e-con e-child\" data-id=\"f93d34e\" data-element_type=\"container\" data-e-type=\"container\" data-settings=\"{&quot;background_background&quot;:&quot;classic&quot;}\">\n\t\t\t\t\t<div class=\"e-con-inner\">\n\t\t<div class=\"elementor-element elementor-element-b45006f e-flex e-con-boxed e-con e-child\" data-id=\"b45006f\" data-element_type=\"container\" data-e-type=\"container\" data-settings=\"{&quot;background_background&quot;:&quot;classic&quot;}\">\n\t\t\t\t\t<div class=\"e-con-inner\">\n\t\t<div class=\"elementor-element elementor-element-29d33d2 e-con-full e-flex e-con e-child\" data-id=\"29d33d2\" data-element_type=\"container\" data-e-type=\"container\" data-settings=\"{&quot;background_background&quot;:&quot;classic&quot;}\">\n\t\t\t\t<div class=\"elementor-element elementor-element-9c4d525 elementor-widget elementor-widget-image\" data-id=\"9c4d525\" data-element_type=\"widget\" data-e-type=\"widget\" data-widget_type=\"image.default\">\n\t\t\t\t<div class=\"elementor-widget-container\">\n\t\t\t\t\t\t\t\t\t\t\t\t\t\t\t<img fetchpriority=\"high\" decoding=\"async\" width=\"466\" height=\"466\" src=\"https:\/\/www.supresu.com\/wp-content\/uploads\/2023\/10\/ico-precision.png\" class=\"attachment-large size-large wp-image-1464\" alt=\"\" srcset=\"https:\/\/www.supresu.com\/wp-content\/uploads\/2023\/10\/ico-precision.png 466w, https:\/\/www.supresu.com\/wp-content\/uploads\/2023\/10\/ico-precision-300x300.png 300w, https:\/\/www.supresu.com\/wp-content\/uploads\/2023\/10\/ico-precision-150x150.png 150w, https:\/\/www.supresu.com\/wp-content\/uploads\/2023\/10\/ico-precision-12x12.png 12w\" sizes=\"(max-width: 466px) 100vw, 466px\">\t\t\t\t\t\t\t\t\t\t\t\t\t\t\t<\/div>\n\t\t\t\t<\/div>\n\t\t\t\t<div class=\"elementor-element elementor-element-3f1ac8f elementor-widget elementor-widget-heading\" data-id=\"3f1ac8f\" data-element_type=\"widget\" data-e-type=\"widget\" data-widget_type=\"heading.default\">\n\t\t\t\t<div class=\"elementor-widget-container\">\n\t\t\t\t\t<h3 class=\"elementor-heading-title elementor-size-default\">Precisi\u00f3n<\/h3>\t\t\t\t<\/div>\n\t\t\t\t<\/div>\n\t\t\t\t<div class=\"elementor-element elementor-element-38cd373 elementor-widget elementor-widget-text-editor\" data-id=\"38cd373\" data-element_type=\"widget\" data-e-type=\"widget\" data-widget_type=\"text-editor.default\">\n\t\t\t\t<div class=\"elementor-widget-container\">\n\t\t\t\t\t\t\t\t\t<p>Utilizamos equipos de \u00faltima generaci\u00f3n y seguimos rigurosos procesos de control de calidad para garantizar que cada pieza cumpla con las especificaciones exactas.<\/p>\t\t\t\t\t\t\t\t<\/div>\n\t\t\t\t<\/div>\n\t\t\t\t<\/div>\n\t\t<div class=\"elementor-element elementor-element-a0453f6 e-con-full e-flex e-con e-child\" data-id=\"a0453f6\" data-element_type=\"container\" data-e-type=\"container\" data-settings=\"{&quot;background_background&quot;:&quot;classic&quot;}\">\n\t\t\t\t<div class=\"elementor-element elementor-element-1785a93 elementor-widget elementor-widget-image\" data-id=\"1785a93\" data-element_type=\"widget\" data-e-type=\"widget\" data-widget_type=\"image.default\">\n\t\t\t\t<div class=\"elementor-widget-container\">\n\t\t\t\t\t\t\t\t\t\t\t\t\t\t\t<img decoding=\"async\" width=\"466\" height=\"466\" src=\"https:\/\/www.supresu.com\/wp-content\/uploads\/2023\/10\/ico-flexibilidad.png\" class=\"attachment-large size-large wp-image-1463\" alt=\"\" srcset=\"https:\/\/www.supresu.com\/wp-content\/uploads\/2023\/10\/ico-flexibilidad.png 466w, https:\/\/www.supresu.com\/wp-content\/uploads\/2023\/10\/ico-flexibilidad-300x300.png 300w, https:\/\/www.supresu.com\/wp-content\/uploads\/2023\/10\/ico-flexibilidad-150x150.png 150w, https:\/\/www.supresu.com\/wp-content\/uploads\/2023\/10\/ico-flexibilidad-12x12.png 12w\" sizes=\"(max-width: 466px) 100vw, 466px\">\t\t\t\t\t\t\t\t\t\t\t\t\t\t\t<\/div>\n\t\t\t\t<\/div>\n\t\t\t\t<div class=\"elementor-element elementor-element-284726c elementor-widget elementor-widget-heading\" data-id=\"284726c\" data-element_type=\"widget\" data-e-type=\"widget\" data-widget_type=\"heading.default\">\n\t\t\t\t<div class=\"elementor-widget-container\">\n\t\t\t\t\t<h3 class=\"elementor-heading-title elementor-size-default\">flexibilidad<\/h3>\t\t\t\t<\/div>\n\t\t\t\t<\/div>\n\t\t\t\t<div class=\"elementor-element elementor-element-8a3cc7f elementor-widget elementor-widget-text-editor\" data-id=\"8a3cc7f\" data-element_type=\"widget\" data-e-type=\"widget\" data-widget_type=\"text-editor.default\">\n\t\t\t\t<div class=\"elementor-widget-container\">\n\t\t\t\t\t\t\t\t\t<p>Ofrecemos una flexibilidad excepcional en nuestros servicios para satisfacer las necesidades de nuestros clientes<\/p>\t\t\t\t\t\t\t\t<\/div>\n\t\t\t\t<\/div>\n\t\t\t\t<\/div>\n\t\t<div class=\"elementor-element elementor-element-8082fd1 e-con-full e-flex e-con e-child\" data-id=\"8082fd1\" data-element_type=\"container\" data-e-type=\"container\" data-settings=\"{&quot;background_background&quot;:&quot;classic&quot;}\">\n\t\t\t\t<div class=\"elementor-element elementor-element-ecdeb08 elementor-widget elementor-widget-image\" data-id=\"ecdeb08\" data-element_type=\"widget\" data-e-type=\"widget\" data-widget_type=\"image.default\">\n\t\t\t\t<div class=\"elementor-widget-container\">\n\t\t\t\t\t\t\t\t\t\t\t\t\t\t\t<img decoding=\"async\" width=\"466\" height=\"466\" src=\"https:\/\/www.supresu.com\/wp-content\/uploads\/2023\/10\/ico-equipo.png\" class=\"attachment-large size-large wp-image-1462\" alt=\"\" srcset=\"https:\/\/www.supresu.com\/wp-content\/uploads\/2023\/10\/ico-equipo.png 466w, https:\/\/www.supresu.com\/wp-content\/uploads\/2023\/10\/ico-equipo-300x300.png 300w, https:\/\/www.supresu.com\/wp-content\/uploads\/2023\/10\/ico-equipo-150x150.png 150w, https:\/\/www.supresu.com\/wp-content\/uploads\/2023\/10\/ico-equipo-12x12.png 12w\" sizes=\"(max-width: 466px) 100vw, 466px\">\t\t\t\t\t\t\t\t\t\t\t\t\t\t\t<\/div>\n\t\t\t\t<\/div>\n\t\t\t\t<div class=\"elementor-element elementor-element-1b3d6ee elementor-widget elementor-widget-heading\" data-id=\"1b3d6ee\" data-element_type=\"widget\" data-e-type=\"widget\" data-widget_type=\"heading.default\">\n\t\t\t\t<div class=\"elementor-widget-container\">\n\t\t\t\t\t<h3 class=\"elementor-heading-title elementor-size-default\">Equipo<\/h3>\t\t\t\t<\/div>\n\t\t\t\t<\/div>\n\t\t\t\t<div class=\"elementor-element elementor-element-eec9d77 elementor-widget elementor-widget-text-editor\" data-id=\"eec9d77\" data-element_type=\"widget\" data-e-type=\"widget\" data-widget_type=\"text-editor.default\">\n\t\t\t\t<div class=\"elementor-widget-container\">\n\t\t\t\t\t\t\t\t\t<p>\u00a0Nuestro equipo de expertos est\u00e1 comprometido con la entrega de soluciones de alta calidad que superan las expectativas de nuestros clientes.<\/p>\t\t\t\t\t\t\t\t<\/div>\n\t\t\t\t<\/div>\n\t\t\t\t<\/div>\n\t\t\t\t\t<\/div>\n\t\t\t\t<\/div>\n\t\t\t\t\t<\/div>\n\t\t\t\t<\/div>\n\t\t\t\t<\/div>\n\t\t<div class=\"elementor-element elementor-element-a6bc410 e-con-full fc-container-padding-l e-flex e-con e-parent\" data-id=\"a6bc410\" data-element_type=\"container\" data-e-type=\"container\" data-settings=\"{&quot;background_background&quot;:&quot;classic&quot;}\">\n\t\t<div class=\"elementor-element elementor-element-e4c560c e-flex e-con-boxed e-con e-child\" data-id=\"e4c560c\" data-element_type=\"container\" data-e-type=\"container\">\n\t\t\t\t\t<div class=\"e-con-inner\">\n\t\t<div class=\"elementor-element elementor-element-c4e7d2a fc-container-col e-flex e-con-boxed e-con e-child\" data-id=\"c4e7d2a\" data-element_type=\"container\" data-e-type=\"container\">\n\t\t\t\t\t<div class=\"e-con-inner\">\n\t\t\t\t<div class=\"elementor-element elementor-element-6656896 elementor-widget elementor-widget-heading\" data-id=\"6656896\" data-element_type=\"widget\" data-e-type=\"widget\" data-widget_type=\"heading.default\">\n\t\t\t\t<div class=\"elementor-widget-container\">\n\t\t\t\t\t<h2 class=\"elementor-heading-title elementor-size-default\">nuestro know-how<br>\n<b>a tu disposici\u00f3n<\/b><\/h2>\t\t\t\t<\/div>\n\t\t\t\t<\/div>\n\t\t\t\t<div class=\"elementor-element elementor-element-65128aa elementor-widget elementor-widget-text-editor\" data-id=\"65128aa\" data-element_type=\"widget\" data-e-type=\"widget\" data-widget_type=\"text-editor.default\">\n\t\t\t\t<div class=\"elementor-widget-container\">\n\t\t\t\t\t\t\t\t\t<p><strong>Desde nuestros comienzos en 1972, nos dedicamos al decoletaje de precisi\u00f3n para todos los sectores industriales.<\/strong><\/p><p>Hemos evolucionado renovando continuamente nuestro parque de maquinaria asi como nuestros elementos de verificaci\u00f3n y control llegando cada vez a clientes m\u00e1s exigentes y especializ\u00e1ndonos en productos de gran complejidad ofreciendo soluciones integrales.<\/p>\t\t\t\t\t\t\t\t<\/div>\n\t\t\t\t<\/div>\n\t\t\t\t\t<\/div>\n\t\t\t\t<\/div>\n\t\t<div class=\"elementor-element elementor-element-2d5ab3d fc-container-col e-flex e-con-boxed e-con e-child\" data-id=\"2d5ab3d\" data-element_type=\"container\" data-e-type=\"container\">\n\t\t\t\t\t<div class=\"e-con-inner\">\n\t\t\t\t<div class=\"elementor-element elementor-element-662912b elementor-widget elementor-widget-image\" data-id=\"662912b\" data-element_type=\"widget\" data-e-type=\"widget\" data-widget_type=\"image.default\">\n\t\t\t\t<div class=\"elementor-widget-container\">\n\t\t\t\t\t\t\t\t\t\t\t\t\t\t\t<img loading=\"lazy\" decoding=\"async\" width=\"800\" height=\"540\" src=\"https:\/\/www.supresu.com\/wp-content\/uploads\/2023\/10\/supresu-instalaciones.jpg\" class=\"attachment-large size-large wp-image-1465\" alt=\"\" srcset=\"https:\/\/www.supresu.com\/wp-content\/uploads\/2023\/10\/supresu-instalaciones.jpg 960w, https:\/\/www.supresu.com\/wp-content\/uploads\/2023\/10\/supresu-instalaciones-300x203.jpg 300w, https:\/\/www.supresu.com\/wp-content\/uploads\/2023\/10\/supresu-instalaciones-768x518.jpg 768w, https:\/\/www.supresu.com\/wp-content\/uploads\/2023\/10\/supresu-instalaciones-18x12.jpg 18w\" sizes=\"(max-width: 800px) 100vw, 800px\">\t\t\t\t\t\t\t\t\t\t\t\t\t\t\t<\/div>\n\t\t\t\t<\/div>\n\t\t\t\t\t<\/div>\n\t\t\t\t<\/div>\n\t\t\t\t\t<\/div>\n\t\t\t\t<\/div>\n\t\t\t\t<\/div>\n\t\t<div class=\"elementor-element elementor-element-8d40a10 e-con-full fc-container-padding-l e-flex e-con e-parent\" data-id=\"8d40a10\" data-element_type=\"container\" data-e-type=\"container\" data-settings=\"{&quot;background_background&quot;:&quot;slideshow&quot;,&quot;background_slideshow_gallery&quot;:[{&quot;id&quot;:1467,&quot;url&quot;:&quot;https:\\\/\\\/www.supresu.com\\\/wp-content\\\/uploads\\\/2023\\\/10\\\/supresu-servicios-sector-dental.jpg&quot;},{&quot;id&quot;:1468,&quot;url&quot;:&quot;https:\\\/\\\/www.supresu.com\\\/wp-content\\\/uploads\\\/2023\\\/10\\\/supresu-servicios-sector-industrial.jpg&quot;}],&quot;background_slideshow_loop&quot;:&quot;yes&quot;,&quot;background_slideshow_slide_duration&quot;:5000,&quot;background_slideshow_slide_transition&quot;:&quot;fade&quot;,&quot;background_slideshow_transition_duration&quot;:500}\">\n\t\t<div class=\"elementor-element elementor-element-e2b9436 fc-container-equal e-con-full e-flex e-con e-child\" data-id=\"e2b9436\" data-element_type=\"container\" data-e-type=\"container\" data-settings=\"{&quot;background_background&quot;:&quot;classic&quot;}\">\n\t\t\t\t<div class=\"elementor-element elementor-element-6eb049c elementor-widget elementor-widget-heading\" data-id=\"6eb049c\" data-element_type=\"widget\" data-e-type=\"widget\" data-widget_type=\"heading.default\">\n\t\t\t\t<div class=\"elementor-widget-container\">\n\t\t\t\t\t<h3 class=\"elementor-heading-title elementor-size-default\">SOLUCIONES A MEDIDA<\/h3>\t\t\t\t<\/div>\n\t\t\t\t<\/div>\n\t\t\t\t<div class=\"elementor-element elementor-element-58cc043 elementor-widget-divider--view-line elementor-widget elementor-widget-divider\" data-id=\"58cc043\" data-element_type=\"widget\" data-e-type=\"widget\" data-widget_type=\"divider.default\">\n\t\t\t\t<div class=\"elementor-widget-container\">\n\t\t\t\t\t\t\t<div class=\"elementor-divider\">\n\t\t\t<span class=\"elementor-divider-separator\">\n\t\t\t\t\t\t<\/span>\n\t\t<\/div>\n\t\t\t\t\t\t<\/div>\n\t\t\t\t<\/div>\n\t\t\t\t<div class=\"elementor-element elementor-element-d0245c2 elementor-widget elementor-widget-spacer\" data-id=\"d0245c2\" data-element_type=\"widget\" data-e-type=\"widget\" data-widget_type=\"spacer.default\">\n\t\t\t\t<div class=\"elementor-widget-container\">\n\t\t\t\t\t\t\t<div class=\"elementor-spacer\">\n\t\t\t<div class=\"elementor-spacer-inner\"><\/div>\n\t\t<\/div>\n\t\t\t\t\t\t<\/div>\n\t\t\t\t<\/div>\n\t\t\t\t<div class=\"elementor-element elementor-element-092204d elementor-widget elementor-widget-text-editor\" data-id=\"092204d\" data-element_type=\"widget\" data-e-type=\"widget\" data-widget_type=\"text-editor.default\">\n\t\t\t\t<div class=\"elementor-widget-container\">\n\t\t\t\t\t\t\t\t\t<p>Somos especialistas en el dise\u00f1o y la fabricaci\u00f3n de componentes mec\u00e1nicos de alta precisi\u00f3n tanto para el <strong>sector industrial<\/strong> como para el <strong>sector m\u00e9dico\/dental<\/strong>.<\/p>\t\t\t\t\t\t\t\t<\/div>\n\t\t\t\t<\/div>\n\t\t\t\t<div class=\"elementor-element elementor-element-f8b388e elementor-widget elementor-widget-spacer\" data-id=\"f8b388e\" data-element_type=\"widget\" data-e-type=\"widget\" data-widget_type=\"spacer.default\">\n\t\t\t\t<div class=\"elementor-widget-container\">\n\t\t\t\t\t\t\t<div class=\"elementor-spacer\">\n\t\t\t<div class=\"elementor-spacer-inner\"><\/div>\n\t\t<\/div>\n\t\t\t\t\t\t<\/div>\n\t\t\t\t<\/div>\n\t\t\t\t<div class=\"elementor-element elementor-element-a287abf elementor-mobile-align-center elementor-widget elementor-widget-button\" data-id=\"a287abf\" data-element_type=\"widget\" data-e-type=\"widget\" data-widget_type=\"button.default\">\n\t\t\t\t<div class=\"elementor-widget-container\">\n\t\t\t\t\t\t\t\t\t<div class=\"elementor-button-wrapper\">\n\t\t\t\t\t<a class=\"elementor-button elementor-button-link elementor-size-sm\" href=\"#\">\n\t\t\t\t\t\t<span class=\"elementor-button-content-wrapper\">\n\t\t\t\t\t\t\t\t\t<span class=\"elementor-button-text\">ver servicios<\/span>\n\t\t\t\t\t<\/span>\n\t\t\t\t\t<\/a>\n\t\t\t\t<\/div>\n\t\t\t\t\t\t\t\t<\/div>\n\t\t\t\t<\/div>\n\t\t\t\t<\/div>\n\t\t\t\t<\/div>\n\t\t<div class=\"elementor-element elementor-element-700f061 e-con-full fc-container-padding e-flex e-con e-parent\" data-id=\"700f061\" data-element_type=\"container\" data-e-type=\"container\" data-settings=\"{&quot;background_background&quot;:&quot;classic&quot;}\">\n\t\t<div class=\"elementor-element elementor-element-1d44d65 e-flex e-con-boxed e-con e-child\" data-id=\"1d44d65\" data-element_type=\"container\" data-e-type=\"container\">\n\t\t\t\t\t<div class=\"e-con-inner\">\n\t\t\t\t<div class=\"elementor-element elementor-element-282a424 elementor-widget elementor-widget-heading\" data-id=\"282a424\" data-element_type=\"widget\" data-e-type=\"widget\" data-widget_type=\"heading.default\">\n\t\t\t\t<div class=\"elementor-widget-container\">\n\t\t\t\t\t<h2 class=\"elementor-heading-title elementor-size-default\">Mecanizados de <b>alta precisi\u00f3n<\/b><\/h2>\t\t\t\t<\/div>\n\t\t\t\t<\/div>\n\t\t\t\t<div class=\"elementor-element elementor-element-2fbe326 elementor-widget-divider--view-line elementor-widget elementor-widget-divider\" data-id=\"2fbe326\" data-element_type=\"widget\" data-e-type=\"widget\" data-widget_type=\"divider.default\">\n\t\t\t\t<div class=\"elementor-widget-container\">\n\t\t\t\t\t\t\t<div class=\"elementor-divider\">\n\t\t\t<span class=\"elementor-divider-separator\">\n\t\t\t\t\t\t<\/span>\n\t\t<\/div>\n\t\t\t\t\t\t<\/div>\n\t\t\t\t<\/div>\n\t\t\t\t<div class=\"elementor-element elementor-element-b0f0e3d elementor-widget elementor-widget-image\" data-id=\"b0f0e3d\" data-element_type=\"widget\" data-e-type=\"widget\" data-widget_type=\"image.default\">\n\t\t\t\t<div class=\"elementor-widget-container\">\n\t\t\t\t\t\t\t\t\t\t\t\t\t\t\t<img loading=\"lazy\" decoding=\"async\" width=\"1500\" height=\"672\" src=\"https:\/\/www.supresu.com\/wp-content\/uploads\/2023\/10\/supresu-piezas-conectores.jpg\" class=\"attachment-full size-full wp-image-1525\" alt=\"\" srcset=\"https:\/\/www.supresu.com\/wp-content\/uploads\/2023\/10\/supresu-piezas-conectores.jpg 1500w, https:\/\/www.supresu.com\/wp-content\/uploads\/2023\/10\/supresu-piezas-conectores-300x134.jpg 300w, https:\/\/www.supresu.com\/wp-content\/uploads\/2023\/10\/supresu-piezas-conectores-1024x459.jpg 1024w, https:\/\/www.supresu.com\/wp-content\/uploads\/2023\/10\/supresu-piezas-conectores-768x344.jpg 768w, https:\/\/www.supresu.com\/wp-content\/uploads\/2023\/10\/supresu-piezas-conectores-18x8.jpg 18w\" sizes=\"(max-width: 1500px) 100vw, 1500px\">\t\t\t\t\t\t\t\t\t\t\t\t\t\t\t<\/div>\n\t\t\t\t<\/div>\n\t\t\t\t\t<\/div>\n\t\t\t\t<\/div>\n\t\t\t\t<\/div>\n\t\t\t\t<\/div>\n\t\t","protected":false},"excerpt":{"rendered":"<p>nuevas instalaciones de 3.000 m2maquinaria de \u00faltima tecnolog\u00edasimulaci\u00f3n de procesos mediante gemelo digital Diapositiva anterior Diapositiva siguiente Precisi\u00f3n Utilizamos equipos de \u00faltima generaci\u00f3n y seguimos rigurosos procesos de control de calidad para garantizar que cada pieza cumpla con las especificaciones exactas. flexibilidad Ofrecemos una flexibilidad excepcional en nuestros servicios para satisfacer las necesidades de nuestros [&hellip;]<\/p>\n","protected":false},"author":1,"featured_media":0,"parent":0,"menu_order":1,"comment_status":"closed","ping_status":"closed","template":"","meta":{"footnotes":""},"class_list":["post-42","page","type-page","status-publish","hentry"],"_links":{"self":[{"href":"https:\/\/www.supresu.com\/fr\/wp-json\/wp\/v2\/pages\/42","targetHints":{"allow":["GET"]}}],"collection":[{"href":"https:\/\/www.supresu.com\/fr\/wp-json\/wp\/v2\/pages"}],"about":[{"href":"https:\/\/www.supresu.com\/fr\/wp-json\/wp\/v2\/types\/page"}],"author":[{"embeddable":true,"href":"https:\/\/www.supresu.com\/fr\/wp-json\/wp\/v2\/users\/1"}],"replies":[{"embeddable":true,"href":"https:\/\/www.supresu.com\/fr\/wp-json\/wp\/v2\/comments?post=42"}],"version-history":[{"count":409,"href":"https:\/\/www.supresu.com\/fr\/wp-json\/wp\/v2\/pages\/42\/revisions"}],"predecessor-version":[{"id":1812,"href":"https:\/\/www.supresu.com\/fr\/wp-json\/wp\/v2\/pages\/42\/revisions\/1812"}],"wp:attachment":[{"href":"https:\/\/www.supresu.com\/fr\/wp-json\/wp\/v2\/media?parent=42"}],"curies":[{"name":"wp","href":"https:\/\/api.w.org\/{rel}","templated":true}]}}